{"id":14869,"date":"2014-05-20T07:51:11","date_gmt":"2014-05-20T07:51:11","guid":{"rendered":"http:\/\/demo.qodeinteractive.com\/bridge11\/?page_id=14869"},"modified":"2025-08-15T09:46:39","modified_gmt":"2025-08-15T07:46:39","slug":"home","status":"publish","type":"page","link":"https:\/\/www.westmedia.cz\/","title":{"rendered":"Home"},"content":{"rendered":"<div class=\"wpb-content-wrapper\"><p>[vc_row css_animation=&#8220;&#8220; row_type=&#8220;row&#8220; use_row_as_full_screen_section=&#8220;no&#8220; type=&#8220;full_width&#8220; angled_section=&#8220;no&#8220; text_align=&#8220;left&#8220; background_image_as_pattern=&#8220;without_pattern&#8220; z_index=&#8220;&#8220; padding_top=&#8220;110&#8243; padding_bottom=&#8220;110&#8243;][vc_column][vc_empty_space][vc_column_text]<\/p>\n<div style=\"width: 70%; margin: 0 auto; text-align: center; padding: 10px;\">\n<h1 style=\"text-align: center;\">Medi\u00e1ln\u00ed a komunika\u010dn\u00ed agentura<\/h1>\n<\/div>\n<p>[\/vc_column_text][vc_empty_space height=&#8220;60px&#8220;][vc_column_text]<\/p>\n<div style=\"width: 70%; margin: 0 auto; text-align: center; padding: 10px;\">\n<h6 style=\"text-align: center;\">V\u00e1\u0161 osv\u011bd\u010den\u00fd hr\u00e1\u010d nejen pro Plze\u0148sk\u00fd kraj a \u010ceskou republiku v oblasti kompletn\u00ed marketingov\u00e9 komunikace.<\/h6>\n<\/div>\n<p>[\/vc_column_text][vc_empty_space height=&#8220;30px&#8220;][vc_column_text el_class=&#8220;texthome&#8220;]<\/p>\n<div style=\"width: 70%; margin: 0 auto; text-align: center;\">\n<h6 style=\"text-align: center;\">Na\u0161\u00ed specializac\u00ed je efektivn\u00ed Full service na m\u00edru pot\u0159eb\u00e1m klienta. Kompletn\u00ed nab\u00eddka medi\u00e1ln\u00edho prostoru v \u010cR (Outdoor, TV, Radio, tisk.. a dal\u0161\u00ed) v\u010detn\u011b rozs\u00e1hl\u00e9 v\u00fdroby in-house, n\u00e1m umo\u017e\u0148uje stav\u011bt kampan\u011b klient\u016fm na m\u00edru, profesion\u00e1ln\u011b a cenov\u011b dostupn\u011b.<\/h6>\n<\/div>\n<p>[\/vc_column_text][vc_empty_space height=&#8220;30px&#8220;][vc_column_text]<\/p>\n<div style=\"width: 70%; margin: 0 auto; text-align: center; padding: 10px;\">\n<h6 style=\"text-align: center;\">Na\u0161\u00edm c\u00edlem je bezvadn\u00fd v\u00fdsledek a spln\u011bn\u00ed skute\u010dn\u00fdch c\u00edl\u016f klienta.<\/h6>\n<\/div>\n<p>[\/vc_column_text][\/vc_column][vc_column][\/vc_column][vc_column][\/vc_column][\/vc_row][vc_row css_animation=&#8220;&#8220; row_type=&#8220;row&#8220; use_row_as_full_screen_section=&#8220;no&#8220; type=&#8220;grid&#8220; angled_section=&#8220;no&#8220; text_align=&#8220;left&#8220; background_image_as_pattern=&#8220;without_pattern&#8220; z_index=&#8220;&#8220; background_color=&#8220;#f7f7f7&#8243; padding_top=&#8220;90&#8243; padding_bottom=&#8220;70&#8243;][vc_column]<div class=\"custom_font_holder\" style=\"font-family: Montserrat; font-size: 30px; line-height: 36px; font-style: normal; color: #000000; text-decoration: none; letter-spacing: 1px; text-align: center;\">\n<h2>Novinky<\/h2>\n<\/div>[vc_empty_space height=&#8220;60px&#8220;]\n<div class='latest_post_holder boxes three_columns one_row' >\n    <ul>\n    \n        <li class=\"clearfix\">\n            <div class=\"boxes_image\">\n                <a itemprop=\"url\" href=\"https:\/\/www.westmedia.cz\/vyuzijte-nase-stavnate-kampane-za-kilo-a-za-pade\/\"><img loading=\"lazy\" decoding=\"async\" width=\"539\" height=\"303\" src=\"https:\/\/www.westmedia.cz\/wp-content\/uploads\/2026\/02\/kampan_za_kilo-539x303.jpg\" class=\"attachment-latest_post_boxes size-latest_post_boxes wp-post-image\" alt=\"\" \/><\/a>\n            <\/div>\n            <div class=\"latest_post\"  >\n                <div class=\"latest_post_text\">\n                    <div class=\"latest_post_inner\">\n                        <div class=\"latest_post_text_inner\">\n                            <h4 itemprop=\"name\" class=\"latest_post_title entry_title\"><a itemprop=\"url\" href=\"https:\/\/www.westmedia.cz\/vyuzijte-nase-stavnate-kampane-za-kilo-a-za-pade\/\">Vyu\u017eijte na\u0161e \u0161\u0165avnat\u00e9 kampan\u011b &#8222;za KILO&#8220; a &#8222;za PADE&#8220;<\/a><\/h4>\n                            <p class=\"excerpt\">&#8222;Kampa\u0148 za KILO&#8220; v\u00e1m nab\u00eddne ide\u00e1ln\u00ed rozlo\u017een\u00ed online i offline kampan\u011b. T\u00edmto bal\u00ed\u010dkem ...<\/p>\n                            <span class=\"post_infos\">\n                                                                                                \n                                \n                                                            <\/span>\n                        <\/div>\n                    <\/div>\n                <\/div>\n            <\/div>\n        <\/li>\n    \n        <li class=\"clearfix\">\n            <div class=\"boxes_image\">\n                <a itemprop=\"url\" href=\"https:\/\/www.westmedia.cz\/vyrocni-zprava-dpp-2024-nam-prinesla-vitezstvi-v-czech-top-100\/\"><img loading=\"lazy\" decoding=\"async\" width=\"539\" height=\"303\" src=\"https:\/\/www.westmedia.cz\/wp-content\/uploads\/2026\/01\/macbook_dpp_vz2024-539x303.webp\" class=\"attachment-latest_post_boxes size-latest_post_boxes wp-post-image\" alt=\"\" \/><\/a>\n            <\/div>\n            <div class=\"latest_post\"  >\n                <div class=\"latest_post_text\">\n                    <div class=\"latest_post_inner\">\n                        <div class=\"latest_post_text_inner\">\n                            <h4 itemprop=\"name\" class=\"latest_post_title entry_title\"><a itemprop=\"url\" href=\"https:\/\/www.westmedia.cz\/vyrocni-zprava-dpp-2024-nam-prinesla-vitezstvi-v-czech-top-100\/\">Zv\u00edt\u011bzili jsme s v\u00fdro\u010dn\u00ed zpr\u00e1vou DPP 2024 v Czech TOP 100<\/a><\/h4>\n                            <p class=\"excerpt\">V posledn\u00edch letech se v sout\u011b\u017ei Czech TOP 100 umis\u0165ujem\u011b opakovan\u011b na p\u0159edn\u00edch p\u0159\u00ed\u010dk\u00e1ch. Letos p\u0159ic...<\/p>\n                            <span class=\"post_infos\">\n                                                                                                \n                                \n                                                            <\/span>\n                        <\/div>\n                    <\/div>\n                <\/div>\n            <\/div>\n        <\/li>\n    \n        <li class=\"clearfix\">\n            <div class=\"boxes_image\">\n                <a itemprop=\"url\" href=\"https:\/\/www.westmedia.cz\/wmc-opet-bodovala-v-soutezi-czech-top-100-vloni-jsme-byli-treti-letos-druzi\/\"><img loading=\"lazy\" decoding=\"async\" width=\"539\" height=\"303\" src=\"https:\/\/www.westmedia.cz\/wp-content\/uploads\/2023\/12\/dpp_vz2022_mockup-1-539x303.png\" class=\"attachment-latest_post_boxes size-latest_post_boxes wp-post-image\" alt=\"\" \/><\/a>\n            <\/div>\n            <div class=\"latest_post\"  >\n                <div class=\"latest_post_text\">\n                    <div class=\"latest_post_inner\">\n                        <div class=\"latest_post_text_inner\">\n                            <h4 itemprop=\"name\" class=\"latest_post_title entry_title\"><a itemprop=\"url\" href=\"https:\/\/www.westmedia.cz\/wmc-opet-bodovala-v-soutezi-czech-top-100-vloni-jsme-byli-treti-letos-druzi\/\">WMC op\u011bt bodovala v sout\u011b\u017ei Czech TOP 100. Vloni jsme byli t\u0159et\u00ed, letos druz\u00ed!<\/a><\/h4>\n                            <p class=\"excerpt\">Z\u00edskali jsme 2. m\u00edsto za v\u00fdro\u010dn\u00ed zpr\u00e1vu Dopravn\u00edho podniku hlavn\u00edho m\u011bsta Prahy v elektronick\u00e9 podob...<\/p>\n                            <span class=\"post_infos\">\n                                                                                                \n                                \n                                                            <\/span>\n                        <\/div>\n                    <\/div>\n                <\/div>\n            <\/div>\n        <\/li>\n        <\/ul>\n<\/div>[\/vc_column][\/vc_row][vc_row css_animation=&#8220;&#8220; row_type=&#8220;row&#8220; use_row_as_full_screen_section=&#8220;no&#8220; type=&#8220;grid&#8220; angled_section=&#8220;no&#8220; text_align=&#8220;left&#8220; background_image_as_pattern=&#8220;without_pattern&#8220; anchor=&#8220;portfolio&#8220; background_color=&#8220;#ffffff&#8220; padding_top=&#8220;50&#8243; padding_bottom=&#8220;142&#8243; z_index=&#8220;&#8220; border_color=&#8220;#ffffff&#8220;][vc_column]<div class=\"custom_font_holder\" style=\"font-family: Montserrat; font-size: 30px; line-height: 36px; font-style: normal; font-weight: 700; color: #000000; text-decoration: none; letter-spacing: 1px; text-align: center;\">\n<h2>NA\u0160I Z\u00c1KAZN\u00cdCI<\/h2>\n<\/div>[vc_empty_space height=&#8220;60&#8243;][vc_column_text]<\/p>\n<div style=\"width: 50%; margin: 0 auto; text-align: center; padding: 10px;\">\n<p style=\"text-align: center;\">D\u011bkujeme na\u0161im klient\u016fm za projevenou d\u016fv\u011bru.<br \/>\nP\u0159ipojte se k na\u0161im z\u00e1kazn\u00edk\u016fm i vy.<br \/>\nT\u011b\u0161\u00edme se na v\u00e1s.<\/p>\n<\/div>\n<p>[\/vc_column_text][vc_empty_space height=&#8220;60&#8243;]<div class='qode_carousels_holder clearfix two_rows'><div class='qode_carousels' data-number-of-visible-items=''><ul class='slides'><li class='item'><div class=\"carousel_item_holder\"><span class='first_image_holder has_hover_image'><img decoding=\"async\" itemprop=\"image\" src=\"https:\/\/westmedia.cz\/wp-content\/uploads\/2018\/12\/APM-CB.png\" alt=\"carousel image\" \/><\/span><span class='second_image_holder has_hover_image'><img decoding=\"async\" itemprop=\"image\" src=\"https:\/\/westmedia.cz\/wp-content\/uploads\/2018\/12\/APM.png\" alt=\"carousel image\" \/><\/span><\/div><div class=\"carousel_item_holder\"><span class='first_image_holder has_hover_image'><img decoding=\"async\" itemprop=\"image\" src=\"https:\/\/westmedia.cz\/wp-content\/uploads\/2018\/12\/Basf-CB.png\" alt=\"carousel image\" \/><\/span><span class='second_image_holder has_hover_image'><img decoding=\"async\" itemprop=\"image\" src=\"https:\/\/westmedia.cz\/wp-content\/uploads\/2018\/12\/Basf.png\" alt=\"carousel image\" \/><\/span><\/div><\/li><li class='item'><div class=\"carousel_item_holder\"><span class='first_image_holder has_hover_image'><img decoding=\"async\" itemprop=\"image\" src=\"https:\/\/westmedia.cz\/wp-content\/uploads\/2018\/12\/BohemiaSekt-CB.png\" alt=\"carousel image\" \/><\/span><span class='second_image_holder has_hover_image'><img decoding=\"async\" itemprop=\"image\" src=\"https:\/\/westmedia.cz\/wp-content\/uploads\/2018\/12\/BohemiaSekt.png\" alt=\"carousel image\" \/><\/span><\/div><div class=\"carousel_item_holder\"><span class='first_image_holder has_hover_image'><img decoding=\"async\" itemprop=\"image\" src=\"https:\/\/westmedia.cz\/wp-content\/uploads\/2018\/12\/Brush-CB.png\" alt=\"carousel image\" \/><\/span><span class='second_image_holder has_hover_image'><img decoding=\"async\" itemprop=\"image\" src=\"https:\/\/westmedia.cz\/wp-content\/uploads\/2018\/12\/Brush.png\" alt=\"carousel image\" \/><\/span><\/div><\/li><li class='item'><div class=\"carousel_item_holder\"><span class='first_image_holder has_hover_image'><img decoding=\"async\" itemprop=\"image\" src=\"https:\/\/westmedia.cz\/wp-content\/uploads\/2018\/12\/CrossCafe-CB.png\" alt=\"carousel image\" \/><\/span><span class='second_image_holder has_hover_image'><img decoding=\"async\" itemprop=\"image\" src=\"https:\/\/westmedia.cz\/wp-content\/uploads\/2018\/12\/CrossCafe.png\" alt=\"carousel image\" \/><\/span><\/div><div class=\"carousel_item_holder\"><span class='first_image_holder has_hover_image'><img decoding=\"async\" itemprop=\"image\" src=\"https:\/\/westmedia.cz\/wp-content\/uploads\/2018\/12\/InAirCom-CB.png\" alt=\"carousel image\" \/><\/span><span class='second_image_holder has_hover_image'><img decoding=\"async\" itemprop=\"image\" src=\"https:\/\/westmedia.cz\/wp-content\/uploads\/2018\/12\/InAirCom.png\" alt=\"carousel image\" \/><\/span><\/div><\/li><li class='item'><div class=\"carousel_item_holder\"><span class='first_image_holder has_hover_image'><img decoding=\"async\" itemprop=\"image\" src=\"https:\/\/westmedia.cz\/wp-content\/uploads\/2018\/12\/McDonald-CB.png\" alt=\"carousel image\" \/><\/span><span class='second_image_holder has_hover_image'><img decoding=\"async\" itemprop=\"image\" src=\"https:\/\/westmedia.cz\/wp-content\/uploads\/2018\/12\/McDonald.png\" alt=\"carousel image\" \/><\/span><\/div><div class=\"carousel_item_holder\"><span class='first_image_holder has_hover_image'><img decoding=\"async\" itemprop=\"image\" src=\"https:\/\/westmedia.cz\/wp-content\/uploads\/2018\/12\/MestoPlzen-CB.png\" alt=\"carousel image\" \/><\/span><span class='second_image_holder has_hover_image'><img decoding=\"async\" itemprop=\"image\" src=\"https:\/\/westmedia.cz\/wp-content\/uploads\/2018\/12\/MestoPlzen.png\" alt=\"carousel image\" \/><\/span><\/div><\/li><li class='item'><div class=\"carousel_item_holder\"><span class='first_image_holder has_hover_image'><img decoding=\"async\" itemprop=\"image\" src=\"https:\/\/westmedia.cz\/wp-content\/uploads\/2018\/12\/Olympia-CB.png\" alt=\"carousel image\" \/><\/span><span class='second_image_holder has_hover_image'><img decoding=\"async\" itemprop=\"image\" src=\"https:\/\/westmedia.cz\/wp-content\/uploads\/2018\/12\/Olympia.png\" alt=\"carousel image\" \/><\/span><\/div><div class=\"carousel_item_holder\"><span class='first_image_holder has_hover_image'><img decoding=\"async\" itemprop=\"image\" src=\"https:\/\/westmedia.cz\/wp-content\/uploads\/2018\/12\/PilsnerUrquell-CB.png\" alt=\"carousel image\" \/><\/span><span class='second_image_holder has_hover_image'><img decoding=\"async\" itemprop=\"image\" src=\"https:\/\/westmedia.cz\/wp-content\/uploads\/2018\/12\/PilsnerUrquell.png\" alt=\"carousel image\" \/><\/span><\/div><\/li><li class='item'><div class=\"carousel_item_holder\"><span class='first_image_holder has_hover_image'><img decoding=\"async\" itemprop=\"image\" src=\"https:\/\/westmedia.cz\/wp-content\/uploads\/2018\/12\/PlzenskyKraj-CB.png\" alt=\"carousel image\" \/><\/span><span class='second_image_holder has_hover_image'><img decoding=\"async\" itemprop=\"image\" src=\"https:\/\/westmedia.cz\/wp-content\/uploads\/2018\/12\/PlzenskyKraj.png\" alt=\"carousel image\" \/><\/span><\/div><div class=\"carousel_item_holder\"><span class='first_image_holder has_hover_image'><img decoding=\"async\" itemprop=\"image\" src=\"https:\/\/westmedia.cz\/wp-content\/uploads\/2018\/12\/PUB-CB.png\" alt=\"carousel image\" \/><\/span><span class='second_image_holder has_hover_image'><img decoding=\"async\" itemprop=\"image\" src=\"https:\/\/westmedia.cz\/wp-content\/uploads\/2018\/12\/PUB.png\" alt=\"carousel image\" \/><\/span><\/div><\/li><li class='item'><div class=\"carousel_item_holder\"><span class='first_image_holder has_hover_image'><img decoding=\"async\" itemprop=\"image\" src=\"https:\/\/westmedia.cz\/wp-content\/uploads\/2018\/12\/Remmers-CB.png\" alt=\"carousel image\" \/><\/span><span class='second_image_holder has_hover_image'><img decoding=\"async\" itemprop=\"image\" src=\"https:\/\/westmedia.cz\/wp-content\/uploads\/2018\/12\/Remmers.png\" alt=\"carousel image\" \/><\/span><\/div><div class=\"carousel_item_holder\"><span class='first_image_holder has_hover_image'><img decoding=\"async\" itemprop=\"image\" src=\"https:\/\/westmedia.cz\/wp-content\/uploads\/2018\/12\/Schneider-CB.png\" alt=\"carousel image\" \/><\/span><span class='second_image_holder has_hover_image'><img decoding=\"async\" itemprop=\"image\" src=\"https:\/\/westmedia.cz\/wp-content\/uploads\/2018\/12\/Schneider.png\" alt=\"carousel image\" \/><\/span><\/div><\/li><li class='item'><div class=\"carousel_item_holder\"><span class='first_image_holder has_hover_image'><img decoding=\"async\" itemprop=\"image\" src=\"https:\/\/westmedia.cz\/wp-content\/uploads\/2018\/12\/Smucler-CB.png\" alt=\"carousel image\" \/><\/span><span class='second_image_holder has_hover_image'><img decoding=\"async\" itemprop=\"image\" src=\"https:\/\/westmedia.cz\/wp-content\/uploads\/2018\/12\/Smucler.png\" alt=\"carousel image\" \/><\/span><\/div><div class=\"carousel_item_holder\"><span class='first_image_holder has_hover_image'><img decoding=\"async\" itemprop=\"image\" src=\"https:\/\/westmedia.cz\/wp-content\/uploads\/2018\/12\/Techmanie-CB.png\" alt=\"carousel image\" \/><\/span><span class='second_image_holder has_hover_image'><img decoding=\"async\" itemprop=\"image\" src=\"https:\/\/westmedia.cz\/wp-content\/uploads\/2018\/12\/Techmanie.png\" alt=\"carousel image\" \/><\/span><\/div><\/li><li class='item'><div class=\"carousel_item_holder\"><span class='first_image_holder has_hover_image'><img decoding=\"async\" itemprop=\"image\" src=\"https:\/\/westmedia.cz\/wp-content\/uploads\/2018\/12\/Ugo-CB.png\" alt=\"carousel image\" \/><\/span><span class='second_image_holder has_hover_image'><img decoding=\"async\" itemprop=\"image\" src=\"https:\/\/westmedia.cz\/wp-content\/uploads\/2018\/12\/Ugo.png\" alt=\"carousel image\" \/><\/span><\/div><div class=\"carousel_item_holder\"><span class='first_image_holder has_hover_image'><img decoding=\"async\" itemprop=\"image\" src=\"https:\/\/westmedia.cz\/wp-content\/uploads\/2018\/12\/ZF-CB.png\" alt=\"carousel image\" \/><\/span><span class='second_image_holder has_hover_image'><img decoding=\"async\" itemprop=\"image\" src=\"https:\/\/westmedia.cz\/wp-content\/uploads\/2018\/12\/ZF.png\" alt=\"carousel image\" \/><\/span><\/div><\/li><\/ul><\/div><\/div>[\/vc_column][\/vc_row]<\/p>\n<\/div>","protected":false},"excerpt":{"rendered":"<p>[vc_row css_animation=&#8220;&#8220; row_type=&#8220;row&#8220; use_row_as_full_screen_section=&#8220;no&#8220; type=&#8220;full_width&#8220; angled_section=&#8220;no&#8220; text_align=&#8220;left&#8220; background_image_as_pattern=&#8220;without_pattern&#8220; z_index=&#8220;&#8220; padding_top=&#8220;110&#8243; padding_bottom=&#8220;110&#8243;][vc_column][vc_empty_space][vc_column_text] Medi\u00e1ln\u00ed a komunika\u010dn\u00ed agentura [\/vc_column_text][vc_empty_space height=&#8220;60px&#8220;][vc_column_text] V\u00e1\u0161 osv\u011bd\u010den\u00fd hr\u00e1\u010d nejen pro Plze\u0148sk\u00fd kraj a \u010ceskou republiku v oblasti kompletn\u00ed marketingov\u00e9 komunikace. [\/vc_column_text][vc_empty_space height=&#8220;30px&#8220;][vc_column_text el_class=&#8220;texthome&#8220;] Na\u0161\u00ed specializac\u00ed je efektivn\u00ed Full service na m\u00edru pot\u0159eb\u00e1m klienta&#8230;.<\/p>\n","protected":false},"author":1,"featured_media":0,"parent":0,"menu_order":0,"comment_status":"closed","ping_status":"closed","template":"full_width.php","meta":{"footnotes":""},"class_list":["post-14869","page","type-page","status-publish","hentry"],"_links":{"self":[{"href":"https:\/\/www.westmedia.cz\/wp-json\/wp\/v2\/pages\/14869","targetHints":{"allow":["GET"]}}],"collection":[{"href":"https:\/\/www.westmedia.cz\/wp-json\/wp\/v2\/pages"}],"about":[{"href":"https:\/\/www.westmedia.cz\/wp-json\/wp\/v2\/types\/page"}],"author":[{"embeddable":true,"href":"https:\/\/www.westmedia.cz\/wp-json\/wp\/v2\/users\/1"}],"replies":[{"embeddable":true,"href":"https:\/\/www.westmedia.cz\/wp-json\/wp\/v2\/comments?post=14869"}],"version-history":[{"count":217,"href":"https:\/\/www.westmedia.cz\/wp-json\/wp\/v2\/pages\/14869\/revisions"}],"predecessor-version":[{"id":19440,"href":"https:\/\/www.westmedia.cz\/wp-json\/wp\/v2\/pages\/14869\/revisions\/19440"}],"wp:attachment":[{"href":"https:\/\/www.westmedia.cz\/wp-json\/wp\/v2\/media?parent=14869"}],"curies":[{"name":"wp","href":"https:\/\/api.w.org\/{rel}","templated":true}]}}